{"id":11320,"date":"2023-11-08T16:35:56","date_gmt":"2023-11-08T15:35:56","guid":{"rendered":"https:\/\/new.suittoeyewear.com\/modelo\/tay\/"},"modified":"2025-01-31T12:24:22","modified_gmt":"2025-01-31T11:24:22","slug":"tay","status":"publish","type":"product","link":"https:\/\/new.suittoeyewear.com\/cat\/model\/tay\/","title":{"rendered":"TAY"},"content":{"rendered":"<p>Janet Taylor (1804 Wolsingham \u20131870), \nVa ser una astr\u00f2noma i experta navegadora anglesa. Va publicar diversos treballs sobre astronomia i navegaci\u00f3. Era considerada como a una mestra en l\u2019art de la navegaci\u00f3 i va fundar una acad\u00e8mia on donava classes als mariners. Tamb\u00e9 va fabricar y reparar instruments per a la navegaci\u00f3. La seva acad\u00e8mia era de les m\u00e9s recomanades per la East India Company, Trinity House i The Admiralty. En reconeixament al seu treball, va ser galardonada amb medalles per part del rei de Prusia i Holanda. El seu instrument m\u00e9s conegut per ajudar a la navegaci\u00f3 va ser la \u201cCalculadora per a mariners.<\/p>","protected":false},"excerpt":{"rendered":"<p>Janet Taylor (1804 Wolsingham \u20131870), Fue una astr\u00f3noma y experta navegadora inglesa. Public\u00f3 varios trabajos sobre astronom\u00eda y navegaci\u00f3n. Era considerada como maestra en el arte de la navegaci\u00f3n y fund\u00f3 una acad\u00e8mia donde daba clases a los marineros. Tambi\u00e9n produjo y repar\u00f3 instrumentos para la navegaci\u00f3n. Su academia era de las m\u00e1s recomendada por &#8230; <a title=\"TAY\" class=\"read-more\" href=\"https:\/\/new.suittoeyewear.com\/cat\/model\/tay\/\" aria-label=\"M\u00e9s informaci\u00f3 sobre TAY\">Read more<\/a><\/p>","protected":false},"featured_media":11413,"template":"","meta":{"_acf_changed":false},"product_brand":[],"product_cat":[254],"product_tag":[219,305],"class_list":{"0":"post-11320","1":"product","2":"type-product","3":"status-publish","4":"has-post-thumbnail","6":"product_cat-graduado-mujer","7":"product_tag-acetato","8":"product_tag-new","9":"pa_tonalidad-de-color-45","10":"pa_tonalidad-de-color-79","11":"pa_tonalidad-de-color-62r","12":"pa_tonalidad-de-color-63r","13":"","14":"woocommerce-text-align-center","15":"woocommerce-image-align-center","16":"do-quantity-buttons","17":"wc-has-gallery","19":"first","20":"instock","21":"purchasable","22":"product-type-variable"},"acf":[],"_links":{"self":[{"href":"https:\/\/new.suittoeyewear.com\/cat\/wp-json\/wp\/v2\/product\/11320","targetHints":{"allow":["GET"]}}],"collection":[{"href":"https:\/\/new.suittoeyewear.com\/cat\/wp-json\/wp\/v2\/product"}],"about":[{"href":"https:\/\/new.suittoeyewear.com\/cat\/wp-json\/wp\/v2\/types\/product"}],"wp:featuredmedia":[{"embeddable":true,"href":"https:\/\/new.suittoeyewear.com\/cat\/wp-json\/wp\/v2\/media\/11413"}],"wp:attachment":[{"href":"https:\/\/new.suittoeyewear.com\/cat\/wp-json\/wp\/v2\/media?parent=11320"}],"wp:term":[{"taxonomy":"product_brand","embeddable":true,"href":"https:\/\/new.suittoeyewear.com\/cat\/wp-json\/wp\/v2\/product_brand?post=11320"},{"taxonomy":"product_cat","embeddable":true,"href":"https:\/\/new.suittoeyewear.com\/cat\/wp-json\/wp\/v2\/product_cat?post=11320"},{"taxonomy":"product_tag","embeddable":true,"href":"https:\/\/new.suittoeyewear.com\/cat\/wp-json\/wp\/v2\/product_tag?post=11320"}],"curies":[{"name":"wp","href":"https:\/\/api.w.org\/{rel}","templated":true}]}}