{"id":11296,"date":"2023-11-08T16:31:11","date_gmt":"2023-11-08T15:31:11","guid":{"rendered":"https:\/\/new.suittoeyewear.com\/modelo\/how\/"},"modified":"2025-01-31T12:24:28","modified_gmt":"2025-01-31T11:24:28","slug":"how","status":"publish","type":"product","link":"https:\/\/new.suittoeyewear.com\/fr\/modele\/how\/","title":{"rendered":"HOW"},"content":{"rendered":"<p>Lewis Howard Latimer  (Chelsea,1848 \u2013 Flushing,1928) Militaire, r\u00e9dacteur de brevets et inventeur. Avant sa naissance, sa m\u00e8re et son p\u00e8re ont fui l'esclavage en Virginie et se sont r\u00e9fugi\u00e9s dans le Massachusetts. Son p\u00e8re a \u00e9t\u00e9 identifi\u00e9 par un ami de son ancien ma\u00eetre esclavagiste et a \u00e9t\u00e9 arr\u00eat\u00e9. Il a finalement pu acheter sa libert\u00e9 et aller vivre avec sa famille \u00e0 Chelsea. Apr\u00e8s avoir servi dans la marine, il a rejoint un cabinet d'avocats sp\u00e9cialis\u00e9 dans les brevets, o\u00f9 il a brevet\u00e9 la version am\u00e9lior\u00e9e de l'ampoule originale de Thomas Edison, dot\u00e9e d'un filament de carbone plus r\u00e9sistant. L'un de ses brevets portait sur des toilettes adapt\u00e9es aux trains.<\/p>","protected":false},"excerpt":{"rendered":"<p>Lewis Howard Latimer (Chelsea,1848 &#8211; Flushing,1928) Militar, dibujante de patentes e inventor. Antes de su nacimiento, su madre y su padre escaparon de la esclavitud de Virg\u00ednia y huyeron hacia Massachusetts. Su padre fue reconocido por un amigo de su antiguo propietario de esclavos y fue arrestado. Finalmente pudo comprar su libertad y vivir con &#8230; <a title=\"HOW\" class=\"read-more\" href=\"https:\/\/new.suittoeyewear.com\/fr\/modele\/how\/\" aria-label=\"En savoir plus sur HOW\">Lire plus<\/a><\/p>","protected":false},"featured_media":11408,"template":"","meta":{"_acf_changed":false},"product_brand":[],"product_cat":[257],"product_tag":[219,305],"class_list":{"0":"post-11296","1":"product","2":"type-product","3":"status-publish","4":"has-post-thumbnail","6":"product_cat-graduado-hombre","7":"product_tag-acetato","8":"product_tag-new","9":"pa_tonalidad-de-color-45","10":"pa_tonalidad-de-color-79","11":"pa_tonalidad-de-color-304","12":"pa_tonalidad-de-color-70r","13":"","14":"woocommerce-text-align-center","15":"woocommerce-image-align-center","16":"do-quantity-buttons","17":"wc-has-gallery","19":"first","20":"instock","21":"purchasable","22":"product-type-variable"},"acf":[],"_links":{"self":[{"href":"https:\/\/new.suittoeyewear.com\/fr\/wp-json\/wp\/v2\/product\/11296","targetHints":{"allow":["GET"]}}],"collection":[{"href":"https:\/\/new.suittoeyewear.com\/fr\/wp-json\/wp\/v2\/product"}],"about":[{"href":"https:\/\/new.suittoeyewear.com\/fr\/wp-json\/wp\/v2\/types\/product"}],"wp:featuredmedia":[{"embeddable":true,"href":"https:\/\/new.suittoeyewear.com\/fr\/wp-json\/wp\/v2\/media\/11408"}],"wp:attachment":[{"href":"https:\/\/new.suittoeyewear.com\/fr\/wp-json\/wp\/v2\/media?parent=11296"}],"wp:term":[{"taxonomy":"product_brand","embeddable":true,"href":"https:\/\/new.suittoeyewear.com\/fr\/wp-json\/wp\/v2\/product_brand?post=11296"},{"taxonomy":"product_cat","embeddable":true,"href":"https:\/\/new.suittoeyewear.com\/fr\/wp-json\/wp\/v2\/product_cat?post=11296"},{"taxonomy":"product_tag","embeddable":true,"href":"https:\/\/new.suittoeyewear.com\/fr\/wp-json\/wp\/v2\/product_tag?post=11296"}],"curies":[{"name":"wp","href":"https:\/\/api.w.org\/{rel}","templated":true}]}}