{"id":11320,"date":"2023-11-08T16:35:56","date_gmt":"2023-11-08T15:35:56","guid":{"rendered":"https:\/\/new.suittoeyewear.com\/modelo\/tay\/"},"modified":"2025-01-31T12:24:22","modified_gmt":"2025-01-31T11:24:22","slug":"tay","status":"publish","type":"product","link":"https:\/\/new.suittoeyewear.com\/fr\/modele\/tay\/","title":{"rendered":"TAY"},"content":{"rendered":"<p>Janet Taylor (Wolsingham, 1804\u20131870), \nAstronome et experte en navigation anglaise. Elle a publi\u00e9 divers ouvrages sur l'astronomie et la navigation. Elle \u00e9tait consid\u00e9r\u00e9e comme une experte dans l'art de la navigation et a fond\u00e9 une acad\u00e9mie o\u00f9 elle donnait des cours aux marins. Elle a aussi fabriqu\u00e9 et r\u00e9par\u00e9 des instruments de navigation. Son acad\u00e9mie \u00e9tait grandement recommand\u00e9e par la Compagnie britannique des Indes orientales, la Trinity House et l'Amiraut\u00e9 britannique. En reconnaissance de son travail, elle a re\u00e7u des m\u00e9dailles des rois de Prusse et des Pays-Bas. Son instrument le plus c\u00e9l\u00e8bre pour faciliter la navigation est l'instrument baptis\u00e9 \"Sailor's Calculator\" (calculatrice marine).<\/p>","protected":false},"excerpt":{"rendered":"<p>Janet Taylor (1804 Wolsingham \u20131870), Fue una astr\u00f3noma y experta navegadora inglesa. Public\u00f3 varios trabajos sobre astronom\u00eda y navegaci\u00f3n. Era considerada como maestra en el arte de la navegaci\u00f3n y fund\u00f3 una acad\u00e8mia donde daba clases a los marineros. Tambi\u00e9n produjo y repar\u00f3 instrumentos para la navegaci\u00f3n. Su academia era de las m\u00e1s recomendada por &#8230; <a title=\"TAY\" class=\"read-more\" href=\"https:\/\/new.suittoeyewear.com\/fr\/modele\/tay\/\" aria-label=\"En savoir plus sur TAY\">Lire plus<\/a><\/p>","protected":false},"featured_media":11413,"template":"","meta":{"_acf_changed":false},"product_brand":[],"product_cat":[254],"product_tag":[219,305],"class_list":{"0":"post-11320","1":"product","2":"type-product","3":"status-publish","4":"has-post-thumbnail","6":"product_cat-graduado-mujer","7":"product_tag-acetato","8":"product_tag-new","9":"pa_tonalidad-de-color-45","10":"pa_tonalidad-de-color-79","11":"pa_tonalidad-de-color-62r","12":"pa_tonalidad-de-color-63r","13":"","14":"woocommerce-text-align-center","15":"woocommerce-image-align-center","16":"do-quantity-buttons","17":"wc-has-gallery","19":"first","20":"instock","21":"purchasable","22":"product-type-variable"},"acf":[],"_links":{"self":[{"href":"https:\/\/new.suittoeyewear.com\/fr\/wp-json\/wp\/v2\/product\/11320","targetHints":{"allow":["GET"]}}],"collection":[{"href":"https:\/\/new.suittoeyewear.com\/fr\/wp-json\/wp\/v2\/product"}],"about":[{"href":"https:\/\/new.suittoeyewear.com\/fr\/wp-json\/wp\/v2\/types\/product"}],"wp:featuredmedia":[{"embeddable":true,"href":"https:\/\/new.suittoeyewear.com\/fr\/wp-json\/wp\/v2\/media\/11413"}],"wp:attachment":[{"href":"https:\/\/new.suittoeyewear.com\/fr\/wp-json\/wp\/v2\/media?parent=11320"}],"wp:term":[{"taxonomy":"product_brand","embeddable":true,"href":"https:\/\/new.suittoeyewear.com\/fr\/wp-json\/wp\/v2\/product_brand?post=11320"},{"taxonomy":"product_cat","embeddable":true,"href":"https:\/\/new.suittoeyewear.com\/fr\/wp-json\/wp\/v2\/product_cat?post=11320"},{"taxonomy":"product_tag","embeddable":true,"href":"https:\/\/new.suittoeyewear.com\/fr\/wp-json\/wp\/v2\/product_tag?post=11320"}],"curies":[{"name":"wp","href":"https:\/\/api.w.org\/{rel}","templated":true}]}}