{"id":11296,"date":"2023-11-08T16:31:11","date_gmt":"2023-11-08T15:31:11","guid":{"rendered":"https:\/\/new.suittoeyewear.com\/modelo\/how\/"},"modified":"2025-01-31T12:24:28","modified_gmt":"2025-01-31T11:24:28","slug":"how","status":"publish","type":"product","link":"https:\/\/new.suittoeyewear.com\/it\/modello\/how\/","title":{"rendered":"HOW"},"content":{"rendered":"<p>Lewis Howard Latimer  (Chelsea,1848 \u2013 Flushing,1928) Militare, progettatore di brevetti e inventore. Prima della sua nascita, la madre e il padre fuggirono dalla schiavit\u00f9 della Virginia e si rifugiarono nel Massachusetts. Suo padre fu riconosciuto da un amico del suo ex proprietario di schiavi e arrestato. Alla fine pot\u00e9 acquistare la libert\u00e0 e vivere con la sua famiglia a Chelsea. Dopo aver prestato servizio in marina, entr\u00f2 in uno studio legale di brevetti, dove brevett\u00f2 il design migliorato della lampadina originale di Thomas Edison con un filamento di carbonio pi\u00f9 resistente. Uno dei suoi brevetti fu una toilette specifica per i treni.<\/p>","protected":false},"excerpt":{"rendered":"<p>Lewis Howard Latimer (Chelsea,1848 &#8211; Flushing,1928) Militar, dibujante de patentes e inventor. Antes de su nacimiento, su madre y su padre escaparon de la esclavitud de Virg\u00ednia y huyeron hacia Massachusetts. Su padre fue reconocido por un amigo de su antiguo propietario de esclavos y fue arrestado. Finalmente pudo comprar su libertad y vivir con &#8230; <a title=\"HOW\" class=\"read-more\" href=\"https:\/\/new.suittoeyewear.com\/it\/modello\/how\/\" aria-label=\"Per saperne di pi\u00f9 su HOW\">Leggi tutto<\/a><\/p>","protected":false},"featured_media":11408,"template":"","meta":{"_acf_changed":false},"product_brand":[],"product_cat":[257],"product_tag":[219,305],"class_list":{"0":"post-11296","1":"product","2":"type-product","3":"status-publish","4":"has-post-thumbnail","6":"product_cat-graduado-hombre","7":"product_tag-acetato","8":"product_tag-new","9":"pa_tonalidad-de-color-45","10":"pa_tonalidad-de-color-79","11":"pa_tonalidad-de-color-304","12":"pa_tonalidad-de-color-70r","13":"","14":"woocommerce-text-align-center","15":"woocommerce-image-align-center","16":"do-quantity-buttons","17":"wc-has-gallery","19":"first","20":"instock","21":"purchasable","22":"product-type-variable"},"acf":[],"_links":{"self":[{"href":"https:\/\/new.suittoeyewear.com\/it\/wp-json\/wp\/v2\/product\/11296","targetHints":{"allow":["GET"]}}],"collection":[{"href":"https:\/\/new.suittoeyewear.com\/it\/wp-json\/wp\/v2\/product"}],"about":[{"href":"https:\/\/new.suittoeyewear.com\/it\/wp-json\/wp\/v2\/types\/product"}],"wp:featuredmedia":[{"embeddable":true,"href":"https:\/\/new.suittoeyewear.com\/it\/wp-json\/wp\/v2\/media\/11408"}],"wp:attachment":[{"href":"https:\/\/new.suittoeyewear.com\/it\/wp-json\/wp\/v2\/media?parent=11296"}],"wp:term":[{"taxonomy":"product_brand","embeddable":true,"href":"https:\/\/new.suittoeyewear.com\/it\/wp-json\/wp\/v2\/product_brand?post=11296"},{"taxonomy":"product_cat","embeddable":true,"href":"https:\/\/new.suittoeyewear.com\/it\/wp-json\/wp\/v2\/product_cat?post=11296"},{"taxonomy":"product_tag","embeddable":true,"href":"https:\/\/new.suittoeyewear.com\/it\/wp-json\/wp\/v2\/product_tag?post=11296"}],"curies":[{"name":"wp","href":"https:\/\/api.w.org\/{rel}","templated":true}]}}